{"id":39058,"date":"2026-03-02T19:54:14","date_gmt":"2026-03-02T18:54:14","guid":{"rendered":"https:\/\/gt-fishing.com\/produkt\/amegari-kaxue-285\/"},"modified":"2026-03-02T20:00:09","modified_gmt":"2026-03-02T19:00:09","slug":"amegari-kaxue-285","status":"publish","type":"product","link":"https:\/\/gt-fishing.com\/en\/produkt\/amegari-kaxue-285\/","title":{"rendered":"Amegari Kaxue 285"},"content":{"rendered":"<h2>Amegari Kaxue 285<\/h2>\n<p>The Kax\u00fc 285 is the ultimate stickbait for trophy GTs! The Kax\u00fc 285 is perfect for places with a lot of waves and currents due to its big silhouette and action. The Kax\u00fc can be fished in different ways and convinces the predators especially by its long bubble trail and the inimitable S-action.<\/p>\n<p>All Amegari lures are 100% handcrafted and sculpted according to the ideas of Orkatz. This attention to detail can be felt and seen on the Kax\u00fc 285, certainly one of the best stickbaits for big GTs!<\/p>\n<p><em>Recommended hook: BKK Lone Diablo 13\/0<\/em><\/p>\n","protected":false},"excerpt":{"rendered":"<p><em>Length:\u00a0 \u00a0 \u00a028,5 cm<\/em><\/p>\n<p><em>Weight:\u00a0 \u00a0 \u00a0 220 gr<\/em><\/p>\n<p><em>Lure type:\u00a0 Swimming stickbait<\/em><\/p>\n","protected":false},"featured_media":39049,"comment_status":"open","ping_status":"closed","template":"","meta":[],"product_brand":[],"product_cat":[606,608],"product_tag":[670,1344],"class_list":{"0":"post-39058","1":"product","2":"type-product","3":"status-publish","4":"has-post-thumbnail","6":"product_cat-popping-en","7":"product_cat-stickbaits-en","8":"product_tag-stickbait-en","9":"product_tag-amegari-en","10":"pa_farbe-flying-fish-pink-en","11":"pa_farbe-herring-en","13":"first","14":"instock","15":"taxable","16":"shipping-taxable","17":"purchasable","18":"product-type-variable"},"yoast_head":"<!-- This site is optimized with the Yoast SEO plugin v27.5 - https:\/\/yoast.com\/product\/yoast-seo-wordpress\/ -->\n<title>Amegari Kaxue 285 - GT-FISHING.COM<\/title>\n<meta name=\"description\" content=\"Amegari Kaxue 285 - the stickbait for monster GTs \u2713big silhouette \u2713high contrast \u2713handmade in Spain -&gt; get yours!\" \/>\n<meta name=\"robots\" content=\"index, follow, max-snippet:-1, max-image-preview:large, max-video-preview:-1\" \/>\n<link rel=\"canonical\" href=\"https:\/\/gt-fishing.com\/en\/produkt\/amegari-kaxue-285\/\" \/>\n<meta property=\"og:locale\" content=\"en_US\" \/>\n<meta property=\"og:type\" content=\"article\" \/>\n<meta property=\"og:title\" content=\"Amegari Kaxue 285 - GT-FISHING.COM\" \/>\n<meta property=\"og:description\" content=\"Amegari Kaxue 285 - the stickbait for monster GTs \u2713big silhouette \u2713high contrast \u2713handmade in Spain -&gt; get yours!\" \/>\n<meta property=\"og:url\" content=\"https:\/\/gt-fishing.com\/en\/produkt\/amegari-kaxue-285\/\" \/>\n<meta property=\"og:site_name\" content=\"GT-FISHING.COM\" \/>\n<meta property=\"article:publisher\" content=\"https:\/\/www.facebook.com\/gtfishingtackle\/\" \/>\n<meta property=\"article:modified_time\" content=\"2026-03-02T19:00:09+00:00\" \/>\n<meta property=\"og:image\" content=\"https:\/\/gt-fishing.com\/wp-content\/uploads\/2026\/03\/gt-fishing_popping-stickbaits-amegari-skaxue-285.jpg\" \/>\n\t<meta property=\"og:image:width\" content=\"680\" \/>\n\t<meta property=\"og:image:height\" content=\"680\" \/>\n\t<meta property=\"og:image:type\" content=\"image\/jpeg\" \/>\n<meta name=\"twitter:card\" content=\"summary_large_image\" \/>\n<meta name=\"twitter:label1\" content=\"Est. reading time\" \/>\n\t<meta name=\"twitter:data1\" content=\"1 minute\" \/>\n<script type=\"application\/ld+json\" class=\"yoast-schema-graph\">{\"@context\":\"https:\\\/\\\/schema.org\",\"@graph\":[{\"@type\":\"WebPage\",\"@id\":\"https:\\\/\\\/gt-fishing.com\\\/en\\\/produkt\\\/amegari-kaxue-285\\\/\",\"url\":\"https:\\\/\\\/gt-fishing.com\\\/en\\\/produkt\\\/amegari-kaxue-285\\\/\",\"name\":\"Amegari Kaxue 285 - GT-FISHING.COM\",\"isPartOf\":{\"@id\":\"https:\\\/\\\/gt-fishing.com\\\/#website\"},\"primaryImageOfPage\":{\"@id\":\"https:\\\/\\\/gt-fishing.com\\\/en\\\/produkt\\\/amegari-kaxue-285\\\/#primaryimage\"},\"image\":{\"@id\":\"https:\\\/\\\/gt-fishing.com\\\/en\\\/produkt\\\/amegari-kaxue-285\\\/#primaryimage\"},\"thumbnailUrl\":\"https:\\\/\\\/gt-fishing.com\\\/wp-content\\\/uploads\\\/2026\\\/03\\\/gt-fishing_popping-stickbaits-amegari-skaxue-285.jpg\",\"datePublished\":\"2026-03-02T18:54:14+00:00\",\"dateModified\":\"2026-03-02T19:00:09+00:00\",\"description\":\"Amegari Kaxue 285 - the stickbait for monster GTs \u2713big silhouette \u2713high contrast \u2713handmade in Spain -> get yours!\",\"breadcrumb\":{\"@id\":\"https:\\\/\\\/gt-fishing.com\\\/en\\\/produkt\\\/amegari-kaxue-285\\\/#breadcrumb\"},\"inLanguage\":\"en-US\",\"potentialAction\":[{\"@type\":\"ReadAction\",\"target\":[\"https:\\\/\\\/gt-fishing.com\\\/en\\\/produkt\\\/amegari-kaxue-285\\\/\"]}]},{\"@type\":\"ImageObject\",\"inLanguage\":\"en-US\",\"@id\":\"https:\\\/\\\/gt-fishing.com\\\/en\\\/produkt\\\/amegari-kaxue-285\\\/#primaryimage\",\"url\":\"https:\\\/\\\/gt-fishing.com\\\/wp-content\\\/uploads\\\/2026\\\/03\\\/gt-fishing_popping-stickbaits-amegari-skaxue-285.jpg\",\"contentUrl\":\"https:\\\/\\\/gt-fishing.com\\\/wp-content\\\/uploads\\\/2026\\\/03\\\/gt-fishing_popping-stickbaits-amegari-skaxue-285.jpg\",\"width\":680,\"height\":680,\"caption\":\"Amegari Kaxue 285\"},{\"@type\":\"BreadcrumbList\",\"@id\":\"https:\\\/\\\/gt-fishing.com\\\/en\\\/produkt\\\/amegari-kaxue-285\\\/#breadcrumb\",\"itemListElement\":[{\"@type\":\"ListItem\",\"position\":1,\"name\":\"Startseite\",\"item\":\"https:\\\/\\\/gt-fishing.com\\\/?lang=en\"},{\"@type\":\"ListItem\",\"position\":2,\"name\":\"Shop\",\"item\":\"https:\\\/\\\/gt-fishing.com\\\/shop\\\/?lang=en\"},{\"@type\":\"ListItem\",\"position\":3,\"name\":\"Amegari Kaxue 285\"}]},{\"@type\":\"WebSite\",\"@id\":\"https:\\\/\\\/gt-fishing.com\\\/#website\",\"url\":\"https:\\\/\\\/gt-fishing.com\\\/\",\"name\":\"gt-fishing.com\",\"description\":\"Der Shop f\u00fcr Popping &amp; Jigging Tackle!\",\"publisher\":{\"@id\":\"https:\\\/\\\/gt-fishing.com\\\/#organization\"},\"potentialAction\":[{\"@type\":\"SearchAction\",\"target\":{\"@type\":\"EntryPoint\",\"urlTemplate\":\"https:\\\/\\\/gt-fishing.com\\\/?s={search_term_string}\"},\"query-input\":{\"@type\":\"PropertyValueSpecification\",\"valueRequired\":true,\"valueName\":\"search_term_string\"}}],\"inLanguage\":\"en-US\"},{\"@type\":\"Organization\",\"@id\":\"https:\\\/\\\/gt-fishing.com\\\/#organization\",\"name\":\"GT Fishing Tackle\",\"url\":\"https:\\\/\\\/gt-fishing.com\\\/\",\"logo\":{\"@type\":\"ImageObject\",\"inLanguage\":\"en-US\",\"@id\":\"https:\\\/\\\/gt-fishing.com\\\/#\\\/schema\\\/logo\\\/image\\\/\",\"url\":\"https:\\\/\\\/gt-fishing.com\\\/wp-content\\\/uploads\\\/2022\\\/02\\\/GT-Fishing-1-scaled.jpg\",\"contentUrl\":\"https:\\\/\\\/gt-fishing.com\\\/wp-content\\\/uploads\\\/2022\\\/02\\\/GT-Fishing-1-scaled.jpg\",\"width\":2560,\"height\":2560,\"caption\":\"GT Fishing Tackle\"},\"image\":{\"@id\":\"https:\\\/\\\/gt-fishing.com\\\/#\\\/schema\\\/logo\\\/image\\\/\"},\"sameAs\":[\"https:\\\/\\\/www.facebook.com\\\/gtfishingtackle\\\/\",\"https:\\\/\\\/www.instagram.com\\\/gtfishingtackle\\\/\",\"https:\\\/\\\/www.pinterest.de\\\/gt_fishing\\\/\",\"https:\\\/\\\/www.youtube.com\\\/channel\\\/UCpfTujLXp40rrDhsAgkczGA\"]}]}<\/script>\n<!-- \/ Yoast SEO plugin. -->","yoast_head_json":{"title":"Amegari Kaxue 285 - GT-FISHING.COM","description":"Amegari Kaxue 285 - the stickbait for monster GTs \u2713big silhouette \u2713high contrast \u2713handmade in Spain -> get yours!","robots":{"index":"index","follow":"follow","max-snippet":"max-snippet:-1","max-image-preview":"max-image-preview:large","max-video-preview":"max-video-preview:-1"},"canonical":"https:\/\/gt-fishing.com\/en\/produkt\/amegari-kaxue-285\/","og_locale":"en_US","og_type":"article","og_title":"Amegari Kaxue 285 - GT-FISHING.COM","og_description":"Amegari Kaxue 285 - the stickbait for monster GTs \u2713big silhouette \u2713high contrast \u2713handmade in Spain -> get yours!","og_url":"https:\/\/gt-fishing.com\/en\/produkt\/amegari-kaxue-285\/","og_site_name":"GT-FISHING.COM","article_publisher":"https:\/\/www.facebook.com\/gtfishingtackle\/","article_modified_time":"2026-03-02T19:00:09+00:00","og_image":[{"width":680,"height":680,"url":"https:\/\/gt-fishing.com\/wp-content\/uploads\/2026\/03\/gt-fishing_popping-stickbaits-amegari-skaxue-285.jpg","type":"image\/jpeg"}],"twitter_card":"summary_large_image","twitter_misc":{"Est. reading time":"1 minute"},"schema":{"@context":"https:\/\/schema.org","@graph":[{"@type":"WebPage","@id":"https:\/\/gt-fishing.com\/en\/produkt\/amegari-kaxue-285\/","url":"https:\/\/gt-fishing.com\/en\/produkt\/amegari-kaxue-285\/","name":"Amegari Kaxue 285 - GT-FISHING.COM","isPartOf":{"@id":"https:\/\/gt-fishing.com\/#website"},"primaryImageOfPage":{"@id":"https:\/\/gt-fishing.com\/en\/produkt\/amegari-kaxue-285\/#primaryimage"},"image":{"@id":"https:\/\/gt-fishing.com\/en\/produkt\/amegari-kaxue-285\/#primaryimage"},"thumbnailUrl":"https:\/\/gt-fishing.com\/wp-content\/uploads\/2026\/03\/gt-fishing_popping-stickbaits-amegari-skaxue-285.jpg","datePublished":"2026-03-02T18:54:14+00:00","dateModified":"2026-03-02T19:00:09+00:00","description":"Amegari Kaxue 285 - the stickbait for monster GTs \u2713big silhouette \u2713high contrast \u2713handmade in Spain -> get yours!","breadcrumb":{"@id":"https:\/\/gt-fishing.com\/en\/produkt\/amegari-kaxue-285\/#breadcrumb"},"inLanguage":"en-US","potentialAction":[{"@type":"ReadAction","target":["https:\/\/gt-fishing.com\/en\/produkt\/amegari-kaxue-285\/"]}]},{"@type":"ImageObject","inLanguage":"en-US","@id":"https:\/\/gt-fishing.com\/en\/produkt\/amegari-kaxue-285\/#primaryimage","url":"https:\/\/gt-fishing.com\/wp-content\/uploads\/2026\/03\/gt-fishing_popping-stickbaits-amegari-skaxue-285.jpg","contentUrl":"https:\/\/gt-fishing.com\/wp-content\/uploads\/2026\/03\/gt-fishing_popping-stickbaits-amegari-skaxue-285.jpg","width":680,"height":680,"caption":"Amegari Kaxue 285"},{"@type":"BreadcrumbList","@id":"https:\/\/gt-fishing.com\/en\/produkt\/amegari-kaxue-285\/#breadcrumb","itemListElement":[{"@type":"ListItem","position":1,"name":"Startseite","item":"https:\/\/gt-fishing.com\/?lang=en"},{"@type":"ListItem","position":2,"name":"Shop","item":"https:\/\/gt-fishing.com\/shop\/?lang=en"},{"@type":"ListItem","position":3,"name":"Amegari Kaxue 285"}]},{"@type":"WebSite","@id":"https:\/\/gt-fishing.com\/#website","url":"https:\/\/gt-fishing.com\/","name":"gt-fishing.com","description":"Der Shop f\u00fcr Popping &amp; Jigging Tackle!","publisher":{"@id":"https:\/\/gt-fishing.com\/#organization"},"potentialAction":[{"@type":"SearchAction","target":{"@type":"EntryPoint","urlTemplate":"https:\/\/gt-fishing.com\/?s={search_term_string}"},"query-input":{"@type":"PropertyValueSpecification","valueRequired":true,"valueName":"search_term_string"}}],"inLanguage":"en-US"},{"@type":"Organization","@id":"https:\/\/gt-fishing.com\/#organization","name":"GT Fishing Tackle","url":"https:\/\/gt-fishing.com\/","logo":{"@type":"ImageObject","inLanguage":"en-US","@id":"https:\/\/gt-fishing.com\/#\/schema\/logo\/image\/","url":"https:\/\/gt-fishing.com\/wp-content\/uploads\/2022\/02\/GT-Fishing-1-scaled.jpg","contentUrl":"https:\/\/gt-fishing.com\/wp-content\/uploads\/2022\/02\/GT-Fishing-1-scaled.jpg","width":2560,"height":2560,"caption":"GT Fishing Tackle"},"image":{"@id":"https:\/\/gt-fishing.com\/#\/schema\/logo\/image\/"},"sameAs":["https:\/\/www.facebook.com\/gtfishingtackle\/","https:\/\/www.instagram.com\/gtfishingtackle\/","https:\/\/www.pinterest.de\/gt_fishing\/","https:\/\/www.youtube.com\/channel\/UCpfTujLXp40rrDhsAgkczGA"]}]}},"_links":{"self":[{"href":"https:\/\/gt-fishing.com\/en\/wp-json\/wp\/v2\/product\/39058","targetHints":{"allow":["GET"]}}],"collection":[{"href":"https:\/\/gt-fishing.com\/en\/wp-json\/wp\/v2\/product"}],"about":[{"href":"https:\/\/gt-fishing.com\/en\/wp-json\/wp\/v2\/types\/product"}],"replies":[{"embeddable":true,"href":"https:\/\/gt-fishing.com\/en\/wp-json\/wp\/v2\/comments?post=39058"}],"wp:featuredmedia":[{"embeddable":true,"href":"https:\/\/gt-fishing.com\/en\/wp-json\/wp\/v2\/media\/39049"}],"wp:attachment":[{"href":"https:\/\/gt-fishing.com\/en\/wp-json\/wp\/v2\/media?parent=39058"}],"wp:term":[{"taxonomy":"product_brand","embeddable":true,"href":"https:\/\/gt-fishing.com\/en\/wp-json\/wp\/v2\/product_brand?post=39058"},{"taxonomy":"product_cat","embeddable":true,"href":"https:\/\/gt-fishing.com\/en\/wp-json\/wp\/v2\/product_cat?post=39058"},{"taxonomy":"product_tag","embeddable":true,"href":"https:\/\/gt-fishing.com\/en\/wp-json\/wp\/v2\/product_tag?post=39058"}],"curies":[{"name":"wp","href":"https:\/\/api.w.org\/{rel}","templated":true}]}}